{"id":599,"date":"2017-12-10T20:04:24","date_gmt":"2017-12-10T20:04:24","guid":{"rendered":"http:\/\/paltec.net\/nueva\/?page_id=599"},"modified":"2025-12-23T10:03:34","modified_gmt":"2025-12-23T10:03:34","slug":"opticargo","status":"publish","type":"page","link":"https:\/\/paltec.net\/nueva\/opticargo\/","title":{"rendered":"OptiCargo"},"content":{"rendered":"<div id=\"pl-599\"  class=\"panel-layout\" ><div id=\"pg-599-0\"  class=\"panel-grid panel-has-style\" ><div style=\"padding-top: 0px; padding-bottom: 0px; \" data-mobile-padding=\"0px\" data-overlay-color=\"#000000\" class=\"panel-row-style panel-row-style-for-599-0\" ><div id=\"pgc-599-0-0\"  class=\"panel-grid-cell\" ><div id=\"panel-599-0-0-0\" class=\"widget_text so-panel widget widget_custom_html panel-first-child panel-last-child\" data-index=\"0\" ><div style=\"text-align: left;\" data-title-color=\"#2d3142\" data-headings-color=\"#2d3142\" class=\"widget_text panel-widget-style panel-widget-style-for-599-0-0-0\" ><div class=\"textwidget custom-html-widget\"><div class=\"site-header header-sticky\" style=\"width: 100%;\">\n\t\t<div class=\"main-header container\">  <!-- XXXX  -->\n\t\t\t<div class=\"container\">\n\t\t\t\t<div class=\"row container\"> <!-- XXXX  -->\n\t\t\t\t\t<div class=\"col-md-8 \">\n\t\t\t\t\t\t<nav id=\"site-navigation\" class=\"main-navigation\" role=\"navigation\">\n\t\t\t\t\t\t\t<div class=\"menu-inicio-container\"><ul id=\"primary-menu\" class=\"menu\">\n\t\t\t\t\t\t\t\t<li class=\"menu-item menu-item-type-custom menu-item-object-custom menu-item-home menu-item-102\"><a href=\"http:\/\/paltec.net\/nueva\"><i class=\"fa fa-home\" aria-hidden=\"true\"><\/i> Inicio<\/a><\/li>\n\t\t\t\t\t\t\t\t<li class=\"menu-item menu-item-type-post_type menu-item-object-page menu-item-103\"><a href=\"http:\/\/paltec.net\/nueva\/contacto\/\"><i class=\"fa fa-info-circle\" aria-hidden=\"true\"><\/i> Solicitar Info<\/a><\/li>\n\t\t\t\t\t\t\t\t<li class=\"menu-item menu-item-type-post_type menu-item-object-page menu-item-146\"><a href=\"http:\/\/paltec.net\/nueva\/soporte\/\"><i class=\"fa fa-comments\" aria-hidden=\"true\"><\/i> Soporte<\/a><\/li>\n<\/ul><\/div>\t\t\t\t\t\t<\/nav>\n\t\t\t\t\t<\/div>\n\t\t\t\t<\/div>\n\t\t\t<\/div>\n\t\t<\/div>\n\t<\/div><\/div><\/div><\/div><\/div><\/div><\/div><div id=\"pg-599-1\"  class=\"panel-grid panel-has-style\" ><div style=\"padding-top: 5px; padding-bottom: 5px; \" data-mobile-padding=\"50px\" data-overlay-color=\"#000000\" class=\"panel-row-style panel-row-style-for-599-1\" ><div id=\"pgc-599-1-0\"  class=\"panel-grid-cell\" ><div id=\"panel-599-1-0-0\" class=\"widget_text so-panel widget widget_custom_html panel-first-child\" data-index=\"1\" ><div style=\"text-align: left;\" data-title-color=\"#2d3142\" data-headings-color=\"#2d3142\" class=\"widget_text panel-widget-style panel-widget-style-for-599-1-0-0\" ><div class=\"textwidget custom-html-widget\"><h1>\n\tOptiCargo: Paletizaci\u00f3n f\u00e1cil\n<\/h1>\n<p>\nSoftware de paletizaci\u00f3n mono-producto.  Optimice sus mosaicos en cualquier tama\u00f1o de palets.\n<\/p><\/div><\/div><\/div><div id=\"panel-599-1-0-1\" class=\"widget_text so-panel widget widget_custom_html\" data-index=\"2\" ><div style=\"text-align: left;\" data-title-color=\"#2d3142\" data-headings-color=\"#2d3142\" class=\"widget_text panel-widget-style panel-widget-style-for-599-1-0-1\" ><div class=\"textwidget custom-html-widget\"><a href=\"https:\/\/www.opticargoplus.com\" title=\"Ir a opticargoplus.com\">\n<\/div><\/div><\/div><div id=\"panel-599-1-0-2\" class=\"widget_text so-panel widget widget_custom_html\" data-index=\"3\" ><div style=\"text-align: left;\" data-title-color=\"#2d3142\" data-headings-color=\"#2d3142\" class=\"widget_text panel-widget-style panel-widget-style-for-599-1-0-2\" ><h3 class=\"widget-title\">M\u00e1s Informaci\u00f3n<\/h3><div class=\"textwidget custom-html-widget\"><\/div><\/div><\/div><div id=\"panel-599-1-0-3\" class=\"widget_text so-panel widget widget_custom_html panel-last-child\" data-index=\"4\" ><div style=\"text-align: left;\" data-title-color=\"#2d3142\" data-headings-color=\"#2d3142\" class=\"widget_text panel-widget-style panel-widget-style-for-599-1-0-3\" ><div class=\"textwidget custom-html-widget\"><\/div><\/div><\/div><\/div><\/div><\/div><div id=\"pg-599-2\"  class=\"panel-grid panel-has-style\" ><div style=\"padding-top: 10px; padding-bottom: 10px; \" data-mobile-padding=\"0px\" data-overlay-color=\"#000000\" class=\"panel-row-style panel-row-style-for-599-2\" ><div id=\"pgc-599-2-0\"  class=\"panel-grid-cell\" ><div id=\"panel-599-2-0-0\" class=\"so-panel widget widget_athemes_testimonials athemes_testimonials_widget panel-first-child panel-last-child\" data-index=\"5\" ><div style=\"text-align: left;\" data-title-color=\"#f2f2f2\" data-headings-color=\"#2d3142\" class=\"panel-widget-style panel-widget-style-for-599-2-0-0\" >\t\t\t\n\t\t\t<div class=\"testimonials-box\">\n\t\t\t\t<div class=\"testimonials-slider\" data-speed=\"5000\">\n\t\t\t\t\t\t\t\t\t\t\t\t<div class=\"testimonials-slider-item\">\n\t\t\t\t\t<div class=\"testimonials-text\">\n\t\t\t\t\t\t<p><div class=\"cab_prod\" style=\"top:40%;right:3%\">Personalice su producto y genere informes<\/div>\r\n<img decoding=\"async\" class=\"alignnone size-medium wp-image-290\" src=\"http:\/\/paltec.net\/nueva\/wp-content\/uploads\/2017\/12\/P3d.png\" alt=\"\" \/><\/p>\n\t\t\t\t\t<\/div>\n\t\t\t\t\t<div class=\"testimonials-user-info clearfix\">\n\t\t\t\t\t\t  \n\t\t\t\t\t\t<div class=\"name-user\">\n\t\t\t\t\t\t\t<p>Personalice su producto y genere informes <span><\/span><\/p>\n\t\t\t\t\t\t<\/div>\n\t\t\t\t\t<\/div>\n\t\t\t\t<\/div>\n\t\t\t\t\t\t\t\t\t\t\t\t<div class=\"testimonials-slider-item\">\n\t\t\t\t\t<div class=\"testimonials-text\">\n\t\t\t\t\t\t<p><div class=\"cab_prod\" style=\"top:40%;right:3%\">Calcule y visualice las mejores soluciones<\/div>\r\n<img decoding=\"async\" class=\"alignnone size-medium wp-image-290\" src=\"http:\/\/paltec.net\/nueva\/wp-content\/uploads\/2017\/12\/P3c.png\" alt=\"\" \/><\/p>\n\t\t\t\t\t<\/div>\n\t\t\t\t\t<div class=\"testimonials-user-info clearfix\">\n\t\t\t\t\t\t  \n\t\t\t\t\t\t<div class=\"name-user\">\n\t\t\t\t\t\t\t<p>Calcule y visualice las mejores soluciones <span><\/span><\/p>\n\t\t\t\t\t\t<\/div>\n\t\t\t\t\t<\/div>\n\t\t\t\t<\/div>\n\t\t\t\t\t\t\t\t\t\t\t\t<div class=\"testimonials-slider-item\">\n\t\t\t\t\t<div class=\"testimonials-text\">\n\t\t\t\t\t\t<p><div class=\"cab_prod\" style=\"top:40%;right:3%\">Seleccione su palet o contenedor o modifique sus dimensiones<\/div>\r\n<img decoding=\"async\" class=\"alignnone size-medium wp-image-290\" src=\"http:\/\/paltec.net\/nueva\/wp-content\/uploads\/2017\/12\/P3b.png\" alt=\"\" \/><\/p>\n\t\t\t\t\t<\/div>\n\t\t\t\t\t<div class=\"testimonials-user-info clearfix\">\n\t\t\t\t\t\t  \n\t\t\t\t\t\t<div class=\"name-user\">\n\t\t\t\t\t\t\t<p>Seleccione su palet o contenedor <span><\/span><\/p>\n\t\t\t\t\t\t<\/div>\n\t\t\t\t\t<\/div>\n\t\t\t\t<\/div>\n\t\t\t\t\t\t\t\t\t\t\t\t<div class=\"testimonials-slider-item\">\n\t\t\t\t\t<div class=\"testimonials-text\">\n\t\t\t\t\t\t<p><div class=\"cab_prod\" style=\"top:40%;right:3%\">Introduzca las dimensiones de su producto<\/div>\r\n<img decoding=\"async\" class=\"alignnone size-medium wp-image-290\" src=\"http:\/\/paltec.net\/nueva\/wp-content\/uploads\/2017\/12\/P3a.png\" alt=\"\" \/><\/p>\n\t\t\t\t\t<\/div>\n\t\t\t\t\t<div class=\"testimonials-user-info clearfix\">\n\t\t\t\t\t\t  \n\t\t\t\t\t\t<div class=\"name-user\">\n\t\t\t\t\t\t\t<p>Introduzca las dimensiones de su producto <span><\/span><\/p>\n\t\t\t\t\t\t<\/div>\n\t\t\t\t\t<\/div>\n\t\t\t\t<\/div>\n\t\t\t\t\t\t\t\t<\/div>\n\t\t\t<\/div>\n\n\t\t\t\t\n\n\t<\/div><\/div><\/div><\/div><\/div><div id=\"pg-599-3\"  class=\"panel-grid panel-has-style\" ><div class=\"so-parallax panel-row-style panel-row-style-for-599-3\" style=\"padding-top: 10px; padding-bottom: 10px; \" data-mobile-padding=\"0px\" data-overlay-color=\"#000000\" ><img fetchpriority=\"high\" decoding=\"async\" width=\"1015\" height=\"162\" src=\"https:\/\/paltec.net\/nueva\/wp-content\/uploads\/2017\/11\/fondo.png\" class=\"attachment-full size-full\" alt=\"fondo\" data-siteorigin-parallax=\"true\" loading=\"eager\" srcset=\"https:\/\/paltec.net\/nueva\/wp-content\/uploads\/2017\/11\/fondo.png 1015w, https:\/\/paltec.net\/nueva\/wp-content\/uploads\/2017\/11\/fondo-300x48.png 300w, https:\/\/paltec.net\/nueva\/wp-content\/uploads\/2017\/11\/fondo-768x123.png 768w, https:\/\/paltec.net\/nueva\/wp-content\/uploads\/2017\/11\/fondo-200x32.png 200w, https:\/\/paltec.net\/nueva\/wp-content\/uploads\/2017\/11\/fondo-690x110.png 690w\" sizes=\"(max-width: 1015px) 100vw, 1015px\" \/><div id=\"pgc-599-3-0\"  class=\"panel-grid-cell\" ><div id=\"panel-599-3-0-0\" class=\"so-panel widget widget_athemes_services athemes_services_widget panel-first-child panel-last-child\" data-index=\"6\" ><div style=\"text-align: left;\" data-title-color=\"#2d3142\" data-headings-color=\"#2d3142\" class=\"panel-widget-style panel-widget-style-for-599-3-0-0\" >\t\t\t\n\t\t\t<div class=\"services-section three-cols\">\n\n\t\t\t\t\t\t\t\t\t\t\t\t\t\t\n\t\t\t\t\t<div class=\"services-item\">\n\t\t\t\t\t\t\t\t\t\n\t\t\t\t\t\t<div class=\"services-icon\">\n\t\t\t\t\t\t\t\t\t\t\t\t\t\t\t<a href=\"http:\/\/%20\"><i class=\"icon-document\"><\/i><\/a>\t\t\t\t\t\t\t\t\t\t\t\t\t<\/div>\n\t\t\t\t\t\t\t\t\t\t\t\t<div class=\"service-name\">\n\t\t\t\t\t\t\t<h3>Informes HTML y videos<\/h3>\n\t\t\t\t\t\t<\/div>\n\t\t\t\t\t\t<div class=\"service-text general-text\">\n\t\t\t\t\t\t\t<p><div class=\"service-alttext\"><div class=\"texto\">\r\nGenera informes en formato HTML visibles en cualquier navegador y videos del llenado del contenedor o im\u00e1genes listas para usar\r\n<\/div><\/div><\/p>\n\t\t\t\t\t\t<\/div>\n\t\t\t\t\t\t\t\t\t\t\t\t<div class=\"service-link\">\n\t\t\t\t\t\t\t<a href=\"http:\/\/%20\"><\/a>\n\t\t\t\t\t\t<\/div>\n\t\t\t\t\t\t\t\n\t\t\t\t\t<\/div>\n\t\t\t\t\t\t\t\t\t\t\t\t\t\t\n\t\t\t\t\t<div class=\"services-item\">\n\t\t\t\t\t\t\t\t\t\n\t\t\t\t\t\t<div class=\"services-icon\">\n\t\t\t\t\t\t\t\t\t\t\t\t\t\t\t<a href=\"http:\/\/%20\"><i class=\"icon-tools\"><\/i><\/a>\t\t\t\t\t\t\t\t\t\t\t\t\t<\/div>\n\t\t\t\t\t\t\t\t\t\t\t\t<div class=\"service-name\">\n\t\t\t\t\t\t\t<h3>Personalice la vista gr\u00e1fica<\/h3>\n\t\t\t\t\t\t<\/div>\n\t\t\t\t\t\t<div class=\"service-text general-text\">\n\t\t\t\t\t\t\t<p><div class=\"service-alttext\"><div class=\"texto\">\r\nModifique los colores de su producto o seleccione im\u00e1genes o texturas para cada cara de la caja\r\n<\/div><\/div><\/p>\n\t\t\t\t\t\t<\/div>\n\t\t\t\t\t\t\t\t\t\t\t\t<div class=\"service-link\">\n\t\t\t\t\t\t\t<a href=\"http:\/\/%20\"><\/a>\n\t\t\t\t\t\t<\/div>\n\t\t\t\t\t\t\t\n\t\t\t\t\t<\/div>\n\t\t\t\t\t\t\t\t\t\t\t\t\t\t\n\t\t\t\t\t<div class=\"services-item\">\n\t\t\t\t\t\t\t\t\t\n\t\t\t\t\t\t<div class=\"services-icon\">\n\t\t\t\t\t\t\t\t\t\t\t\t\t\t\t<a href=\"http:\/\/%20\"><i class=\"icon-edit\"><\/i><\/a>\t\t\t\t\t\t\t\t\t\t\t\t\t<\/div>\n\t\t\t\t\t\t\t\t\t\t\t\t<div class=\"service-name\">\n\t\t\t\t\t\t\t<h3>Particularice su contenedor<\/h3>\n\t\t\t\t\t\t<\/div>\n\t\t\t\t\t\t<div class=\"service-text general-text\">\n\t\t\t\t\t\t\t<p><div class=\"service-alttext\"><div class=\"texto\">\r\nParticularice las dimensiones del palet o contenedor: cualquier caja, cualquier contenedor.\r\n<\/div><\/div><\/p>\n\t\t\t\t\t\t<\/div>\n\t\t\t\t\t\t\t\t\t\t\t\t<div class=\"service-link\">\n\t\t\t\t\t\t\t<a href=\"http:\/\/%20\"><\/a>\n\t\t\t\t\t\t<\/div>\n\t\t\t\t\t\t\t\n\t\t\t\t\t<\/div>\n\t\t\t\t\n\t\t\t\t\t\n\n\t\t\t<\/div>\t\t\t\n\t<\/div><\/div><\/div><\/div><\/div><div id=\"pg-599-4\"  class=\"panel-grid panel-has-style\" ><div style=\"padding-top: 100px; padding-bottom: 100px; \" data-mobile-padding=\"50px\" data-overlay-color=\"#000000\" class=\"panel-row-style panel-row-style-for-599-4\" ><div id=\"pgc-599-4-0\"  class=\"panel-grid-cell\" ><div id=\"panel-599-4-0-0\" class=\"so-panel widget widget_athemes_video athemes_video_widget panel-first-child panel-last-child\" data-index=\"7\" ><div style=\"text-align: left;\" data-title-color=\"#2d3142\" data-headings-color=\"#2d3142\" class=\"panel-widget-style panel-widget-style-for-599-4-0-0\" ><div class=\"video-container\" style=\"max-width:800px;margin:0 auto;\"><iframe loading=\"lazy\" title=\"VIDEO OPTICARGO\" width=\"1170\" height=\"658\" src=\"https:\/\/www.youtube.com\/embed\/8xVbOSQyGG4?feature=oembed\" frameborder=\"0\" allow=\"accelerometer; autoplay; clipboard-write; encrypted-media; gyroscope; picture-in-picture; web-share\" referrerpolicy=\"strict-origin-when-cross-origin\" allowfullscreen><\/iframe><\/div><\/div><\/div><\/div><div id=\"pgc-599-4-1\"  class=\"panel-grid-cell\" ><div id=\"panel-599-4-1-0\" class=\"so-panel widget widget_athemes_video athemes_video_widget panel-first-child panel-last-child\" data-index=\"8\" ><div style=\"text-align: left;\" data-title-color=\"#2d3142\" data-headings-color=\"#2d3142\" class=\"panel-widget-style panel-widget-style-for-599-4-1-0\" ><div class=\"video-container\" style=\"max-width:800px;margin:0 auto;\"><iframe loading=\"lazy\" title=\"OptiCargo conectado con Paletizador CAST\" width=\"1170\" height=\"658\" src=\"https:\/\/www.youtube.com\/embed\/ak5jEbbLvbk?feature=oembed\" frameborder=\"0\" allow=\"accelerometer; autoplay; clipboard-write; encrypted-media; gyroscope; picture-in-picture; web-share\" referrerpolicy=\"strict-origin-when-cross-origin\" allowfullscreen><\/iframe><\/div><\/div><\/div><\/div><div id=\"pgc-599-4-2\"  class=\"panel-grid-cell\" ><div id=\"panel-599-4-2-0\" class=\"so-panel widget widget_athemes_video athemes_video_widget panel-first-child panel-last-child\" data-index=\"9\" ><div style=\"text-align: left;\" data-title-color=\"#2d3142\" data-headings-color=\"#2d3142\" class=\"panel-widget-style panel-widget-style-for-599-4-2-0\" ><div class=\"video-container\" style=\"max-width:800px;margin:0 auto;\"><iframe loading=\"lazy\" title=\"INSTALACION DEMO OPTICARGO\" width=\"1170\" height=\"658\" src=\"https:\/\/www.youtube.com\/embed\/cBHgMlle1KE?feature=oembed\" frameborder=\"0\" allow=\"accelerometer; autoplay; clipboard-write; encrypted-media; gyroscope; picture-in-picture; web-share\" referrerpolicy=\"strict-origin-when-cross-origin\" allowfullscreen><\/iframe><\/div><\/div><\/div><\/div><\/div><\/div><div id=\"pg-599-5\"  class=\"panel-grid panel-has-style\" ><div style=\"padding-top: 25px; padding-bottom: 10px; \" data-mobile-padding=\"25px\" data-overlay-color=\"#000000\" class=\"panel-row-style panel-row-style-for-599-5\" ><div id=\"pgc-599-5-0\"  class=\"panel-grid-cell panel-grid-cell-mobile-last\" ><div id=\"panel-599-5-0-0\" class=\"widget_text so-panel widget widget_custom_html panel-first-child\" data-index=\"10\" ><div style=\"text-align: left;\" data-title-color=\"#2d3142\" data-headings-color=\"#2d3142\" class=\"widget_text panel-widget-style panel-widget-style-for-599-5-0-0\" ><div class=\"textwidget custom-html-widget\"><a href=\"https:\/\/www.opticargoplus.com\/descarga\/\" title=\"Descargar Demo\"><\/div><\/div><\/div><div id=\"panel-599-5-0-1\" class=\"widget_text so-panel widget widget_custom_html\" data-index=\"11\" ><div style=\"text-align: left;\" data-title-color=\"#2d3142\" data-headings-color=\"#2d3142\" class=\"widget_text panel-widget-style panel-widget-style-for-599-5-0-1\" ><h3 class=\"widget-title\">Descargue OptiCargo<\/h3><div class=\"textwidget custom-html-widget\"><a href=\"https:\/\/www.opticargoplus.com\/descarga\/\" title=\"Descargar Demo\" style=\"color:black\">\n\t<span class=\"hgrisbold\">Descargar demo \u00a1gratis!<\/span><br \/>\n<\/a>\n<p>\n\tSi se registra en el programa podr\u00e1 probar todas las funciones de la herramienta durante dos d\u00edas\n<\/p>\n<a href=\"https:\/\/www.opticargoplus.com\" target=\"_blank\" title=\"M\u00e1s informaci\u00f3n\" style=\"color:black\">\n\t<span class=\"hgrisbold\">M\u00e1s informaci\u00f3n<\/span>\n<\/a><\/div><\/div><\/div><div id=\"panel-599-5-0-2\" class=\"widget_text so-panel widget widget_custom_html panel-last-child\" data-index=\"12\" ><div style=\"text-align: left;\" data-title-color=\"#2d3142\" data-headings-color=\"#2d3142\" class=\"widget_text panel-widget-style panel-widget-style-for-599-5-0-2\" ><div class=\"textwidget custom-html-widget\"><\/div><\/div><\/div><\/div><div id=\"pgc-599-5-1\"  class=\"panel-grid-cell panel-grid-cell-empty\" ><\/div><\/div><\/div><\/div>","protected":false},"excerpt":{"rendered":"<p>Inicio Solicitar Info Soporte OptiCargo: Paletizaci\u00f3n f\u00e1cil Software de paletizaci\u00f3n mono-producto. Optimice sus mosaicos en cualquier tama\u00f1o de palets. M\u00e1s&nbsp;[&hellip;]<\/p>\n","protected":false},"author":1,"featured_media":0,"parent":0,"menu_order":0,"comment_status":"closed","ping_status":"open","template":"page-templates\/template_fullwidth.php","meta":{"footnotes":""},"class_list":["post-599","page","type-page","status-publish","hentry","post-item clearfix"],"aioseo_notices":[],"_links":{"self":[{"href":"https:\/\/paltec.net\/nueva\/wp-json\/wp\/v2\/pages\/599","targetHints":{"allow":["GET"]}}],"collection":[{"href":"https:\/\/paltec.net\/nueva\/wp-json\/wp\/v2\/pages"}],"about":[{"href":"https:\/\/paltec.net\/nueva\/wp-json\/wp\/v2\/types\/page"}],"author":[{"embeddable":true,"href":"https:\/\/paltec.net\/nueva\/wp-json\/wp\/v2\/users\/1"}],"replies":[{"embeddable":true,"href":"https:\/\/paltec.net\/nueva\/wp-json\/wp\/v2\/comments?post=599"}],"version-history":[{"count":83,"href":"https:\/\/paltec.net\/nueva\/wp-json\/wp\/v2\/pages\/599\/revisions"}],"predecessor-version":[{"id":5919,"href":"https:\/\/paltec.net\/nueva\/wp-json\/wp\/v2\/pages\/599\/revisions\/5919"}],"wp:attachment":[{"href":"https:\/\/paltec.net\/nueva\/wp-json\/wp\/v2\/media?parent=599"}],"curies":[{"name":"wp","href":"https:\/\/api.w.org\/{rel}","templated":true}]}}