{"id":274,"date":"2017-12-02T11:56:06","date_gmt":"2017-12-02T11:56:06","guid":{"rendered":"http:\/\/paltec.net\/nueva\/?page_id=274"},"modified":"2017-12-20T20:11:06","modified_gmt":"2017-12-20T20:11:06","slug":"casos-de-exito-cultivador-jardin","status":"publish","type":"page","link":"https:\/\/paltec.net\/nueva\/casos-de-exito-cultivador-jardin\/","title":{"rendered":"Casos de \u00e9xito: Herramienta de Jard\u00edn"},"content":{"rendered":"<div class=\"wc-gallery\"><div class='wcflexslider-container wc-gallery-bottomspace-ten wc-gallery-clear'><div id='gallery-1' class='gallery wc-gallery-captions-onhover gallery-link-none wcslider3bottomlinks' data-gutter-width='5' data-columns='5' data-hide-controls='false'><ul class='slides'><\/ul><\/div>\n<div class='wc-image-links wc-gallery-clear wc-image-links-bottomlinks wc-image-links-slider3bottomlinks wc-image-links-gutter-space-5'><div class='gallery-item gallery-item-1 gallery-item-position-1 gallery-item-attachment-270'><div class='gallery-block'>\n\t\t\t\t\t\t\t<div class='gallery-icon landscape'>\n\t\t\t\t\t\t\t\t<a href='http:\/\/paltec.net\/nueva\/casos-de-exito-botellas-aceite\/' title='Botellas de aceite' target='_self'><img loading=\"lazy\" decoding=\"async\" width=\"60\" height=\"60\" src=\"https:\/\/paltec.net\/nueva\/wp-content\/uploads\/2017\/12\/caso1mini-1.png\" class=\"attachment-wccarousel size-wccarousel\" alt=\"Caso de \u00e9xito de paletizado\" srcset=\"https:\/\/paltec.net\/nueva\/wp-content\/uploads\/2017\/12\/caso1mini-1.png 60w, https:\/\/paltec.net\/nueva\/wp-content\/uploads\/2017\/12\/caso1mini-1-48x48.png 48w\" sizes=\"auto, (max-width: 60px) 100vw, 60px\" \/><\/a>\n\t\t\t\t\t\t\t<\/div><a href='http:\/\/paltec.net\/nueva\/casos-de-exito-botellas-aceite\/' target='_self'>\n\t\t\t\t\t\t\t\t<div class='wp-caption-text gallery-caption'>\n\t\t\t\t\t\t\t\t\t<h3>\n\t\t\t\t\t\t\t\t\tBotellas de aceite\n\t\t\t\t\t\t\t\t\t<\/h3>\n\t\t\t\t\t\t\t\t<\/div><\/a><\/div><\/div><div class='gallery-item gallery-item-2 gallery-item-position-2 gallery-item-attachment-837'><div class='gallery-block'>\n\t\t\t\t\t\t\t<div class='gallery-icon landscape'>\n\t\t\t\t\t\t\t\t<a href='http:\/\/paltec.net\/nueva\/casos-de-exito-cultivador-jardin\/' title='Herramienta de Jard\u00edn' target='_self'><img loading=\"lazy\" decoding=\"async\" width=\"60\" height=\"60\" src=\"https:\/\/paltec.net\/nueva\/wp-content\/uploads\/2017\/12\/caso3mini.png\" class=\"attachment-wccarousel size-wccarousel\" alt=\"Caso de \u00e9xito de carga de contenedores\" srcset=\"https:\/\/paltec.net\/nueva\/wp-content\/uploads\/2017\/12\/caso3mini.png 60w, https:\/\/paltec.net\/nueva\/wp-content\/uploads\/2017\/12\/caso3mini-48x48.png 48w\" sizes=\"auto, (max-width: 60px) 100vw, 60px\" \/><\/a>\n\t\t\t\t\t\t\t<\/div><a href='http:\/\/paltec.net\/nueva\/casos-de-exito-cultivador-jardin\/' target='_self'>\n\t\t\t\t\t\t\t\t<div class='wp-caption-text gallery-caption'>\n\t\t\t\t\t\t\t\t\t<h3>\n\t\t\t\t\t\t\t\t\tHerramienta de Jard\u00edn\n\t\t\t\t\t\t\t\t\t<\/h3>\n\t\t\t\t\t\t\t\t<\/div><\/a><\/div><\/div><div class='gallery-item gallery-item-3 gallery-item-position-3 gallery-item-attachment-271'><div class='gallery-block'>\n\t\t\t\t\t\t\t<div class='gallery-icon landscape'>\n\t\t\t\t\t\t\t\t<a href='http:\/\/paltec.net\/nueva\/casos-de-exito-tarrinas-queso\/' title='Tarrinas de queso' target='_self'><img loading=\"lazy\" decoding=\"async\" width=\"60\" height=\"60\" src=\"https:\/\/paltec.net\/nueva\/wp-content\/uploads\/2017\/12\/caso2mini-1.png\" class=\"attachment-wccarousel size-wccarousel\" alt=\"Caso de \u00e9xito de paletizado\" srcset=\"https:\/\/paltec.net\/nueva\/wp-content\/uploads\/2017\/12\/caso2mini-1.png 60w, https:\/\/paltec.net\/nueva\/wp-content\/uploads\/2017\/12\/caso2mini-1-48x48.png 48w\" sizes=\"auto, (max-width: 60px) 100vw, 60px\" \/><\/a>\n\t\t\t\t\t\t\t<\/div><a href='http:\/\/paltec.net\/nueva\/casos-de-exito-tarrinas-queso\/' target='_self'>\n\t\t\t\t\t\t\t\t<div class='wp-caption-text gallery-caption'>\n\t\t\t\t\t\t\t\t\t<h3>\n\t\t\t\t\t\t\t\t\tTarrinas de queso\n\t\t\t\t\t\t\t\t\t<\/h3>\n\t\t\t\t\t\t\t\t<\/div><\/a><\/div><\/div><\/div>\n<\/div>\n<\/div>\n<div style=\"margin: 2%;\">\n<div class=\"casoTxt\" style=\"width: 100%;\">Casos de \u00e9xito con Paltec<\/div>\n<div>\n<p><span class=\"casoTxt casoTxt1\" style=\"margin-bottom: 5%;\">Un fabricante de Herramientas de jard\u00edn&#8230;<\/span><\/p>\n<div class=\"casoA1\">\n<div class=\"caso caso1\"><img decoding=\"async\" src=\"http:\/\/paltec.net\/nueva\/wp-content\/uploads\/2017\/12\/caso3a1.png\" alt=\"\" style=\"width:80%\"\/><\/div>\n<\/div>\n<div class=\"eds-animate edsanimate-sis-hidden \" data-eds-entry-animation=\"fadeIn\" data-eds-entry-delay=\"0\" data-eds-entry-duration=\"0.8\" data-eds-entry-timing=\"linear\" data-eds-exit-animation=\"\" data-eds-exit-delay=\"\" data-eds-exit-duration=\"\" data-eds-exit-timing=\"\" data-eds-repeat-count=\"1\" data-eds-keep=\"yes\" data-eds-animate-on=\"scroll\" data-eds-scroll-offset=\"75\">\n<div class=\"casoTxtg\"><span class=\"casoTxt casoTxt1\">&#8230; env\u00eda contenedores por mar con <\/span><span class=\"casoTxt casoTxt4\">435<\/span><span class=\"casoTxt casoTxt2\">cajas<\/span><\/div>\n<p><\/div><br \/>\n<div class=\"eds-animate edsanimate-sis-hidden \" data-eds-entry-animation=\"fadeIn\" data-eds-entry-delay=\"0\" data-eds-entry-duration=\"0.8\" data-eds-entry-timing=\"linear\" data-eds-exit-animation=\"\" data-eds-exit-delay=\"\" data-eds-exit-duration=\"\" data-eds-exit-timing=\"\" data-eds-repeat-count=\"1\" data-eds-keep=\"yes\" data-eds-animate-on=\"scroll\" data-eds-scroll-offset=\"25\"><\/p>\n<div class=\"casoA2\">\n<div class=\"caso caso2\"><img decoding=\"async\" src=\"http:\/\/paltec.net\/nueva\/wp-content\/uploads\/2017\/12\/caso3a2.png\" alt=\"\" \/><\/div>\n<\/div>\n<p><\/div><br \/>\n<div class=\"eds-animate edsanimate-sis-hidden \" data-eds-entry-animation=\"fadeIn\" data-eds-entry-delay=\"0\" data-eds-entry-duration=\"0.8\" data-eds-entry-timing=\"linear\" data-eds-exit-animation=\"\" data-eds-exit-delay=\"\" data-eds-exit-duration=\"\" data-eds-exit-timing=\"\" data-eds-repeat-count=\"1\" data-eds-keep=\"yes\" data-eds-animate-on=\"scroll\" data-eds-scroll-offset=\"75\"><\/p>\n<div class=\"casoTxt casoTxtOpt\">\u00bf\u00d3ptimo?<\/div>\n<p><\/div><br \/>\n<div class=\"eds-animate edsanimate-sis-hidden \" data-eds-entry-animation=\"fadeIn\" data-eds-entry-delay=\"0\" data-eds-entry-duration=\"0.5\" data-eds-entry-timing=\"linear\" data-eds-exit-animation=\"\" data-eds-exit-delay=\"\" data-eds-exit-duration=\"\" data-eds-exit-timing=\"\" data-eds-repeat-count=\"1\" data-eds-keep=\"yes\" data-eds-animate-on=\"scroll\" data-eds-scroll-offset=\"75\"><\/p>\n<div class=\"casoTxt casoTxt5\">Modificando ligeramente la posici\u00f3n de la unidad&#8230;<\/div>\n<p><\/div><br \/>\n<div class=\"eds-animate edsanimate-sis-hidden \" data-eds-entry-animation=\"fadeIn\" data-eds-entry-delay=\"0\" data-eds-entry-duration=\"0.8\" data-eds-entry-timing=\"linear\" data-eds-exit-animation=\"\" data-eds-exit-delay=\"\" data-eds-exit-duration=\"\" data-eds-exit-timing=\"\" data-eds-repeat-count=\"1\" data-eds-keep=\"yes\" data-eds-animate-on=\"scroll\" data-eds-scroll-offset=\"25\"><br \/>\n<\/div><br \/>\n<div class=\"eds-animate edsanimate-sis-hidden \" data-eds-entry-animation=\"fadeIn\" data-eds-entry-delay=\"0\" data-eds-entry-duration=\"0.5\" data-eds-entry-timing=\"linear\" data-eds-exit-animation=\"\" data-eds-exit-delay=\"\" data-eds-exit-duration=\"\" data-eds-exit-timing=\"\" data-eds-repeat-count=\"1\" data-eds-keep=\"yes\" data-eds-animate-on=\"scroll\" data-eds-scroll-offset=\"25\"><\/p>\n<div class=\"casoD2\">\n<div class=\"caso caso2 casoD\"><img decoding=\"async\" src=\"http:\/\/paltec.net\/nueva\/wp-content\/uploads\/2017\/12\/caso3b1.png\" alt=\"\" style=\"width:80%\"\/><\/div>\n<\/div>\n<\/div>\n<div class=\"eds-animate edsanimate-sis-hidden \" data-eds-entry-animation=\"fadeIn\" data-eds-entry-delay=\"0\" data-eds-entry-duration=\"0.5\" data-eds-entry-timing=\"linear\" data-eds-exit-animation=\"\" data-eds-exit-delay=\"\" data-eds-exit-duration=\"\" data-eds-exit-timing=\"\" data-eds-repeat-count=\"1\" data-eds-keep=\"yes\" data-eds-animate-on=\"scroll\" data-eds-scroll-offset=\"25\">\n<div class=\"casoTxt casoTxt5\" style=\"float: right;\">&#8230;y cambiando la posici\u00f3n de la caja<\/div>\n<\/div>\n<div class=\"eds-animate edsanimate-sis-hidden \" data-eds-entry-animation=\"fadeIn\" data-eds-entry-delay=\"0\" data-eds-entry-duration=\"0.8\" data-eds-entry-timing=\"linear\" data-eds-exit-animation=\"\" data-eds-exit-delay=\"\" data-eds-exit-duration=\"\" data-eds-exit-timing=\"\" data-eds-repeat-count=\"1\" data-eds-keep=\"yes\" data-eds-animate-on=\"scroll\" data-eds-scroll-offset=\"25\">\n<div class=\"casoTxtg\" style=\"margin-left: 15%;\"><span class=\"casoTxt casoTxt1\">&#8230;conseguimos<\/span><span class=\"casoTxt casoTxt4\">504<\/span><span class=\"casoTxt casoTxt2\">herramientas por contenedor!<\/span><\/div>\n<p><\/div><br \/>\n<div class=\"eds-animate edsanimate-sis-hidden \" data-eds-entry-animation=\"fadeIn\" data-eds-entry-delay=\"0\" data-eds-entry-duration=\"0.5\" data-eds-entry-timing=\"linear\" data-eds-exit-animation=\"\" data-eds-exit-delay=\"\" data-eds-exit-duration=\"\" data-eds-exit-timing=\"\" data-eds-repeat-count=\"1\" data-eds-keep=\"yes\" data-eds-animate-on=\"scroll\" data-eds-scroll-offset=\"25\"><\/p>\n<div class=\"casoD1\">\n<div class=\"caso caso1 casoD\"><img decoding=\"async\" src=\"http:\/\/paltec.net\/nueva\/wp-content\/uploads\/2017\/12\/caso3b2.png\" alt=\"\" \/><\/div>\n<\/div>\n<p><\/div><br \/>\n<div class=\"eds-animate edsanimate-sis-hidden \" data-eds-entry-animation=\"fadeIn\" data-eds-entry-delay=\"0\" data-eds-entry-duration=\"0.8\" data-eds-entry-timing=\"linear\" data-eds-exit-animation=\"\" data-eds-exit-delay=\"\" data-eds-exit-duration=\"\" data-eds-exit-timing=\"\" data-eds-repeat-count=\"1\" data-eds-keep=\"yes\" data-eds-animate-on=\"scroll\" data-eds-scroll-offset=\"25\"><br \/>\n<span class=\"casoTxt casoTxt2 casoTxtRes\">Una mejora del 14% de ocupaci\u00f3n del contenedor<\/span><br \/>\n<\/div><br \/>\n<div class=\"eds-animate edsanimate-sis-hidden \" data-eds-entry-animation=\"fadeIn\" data-eds-entry-delay=\"0\" data-eds-entry-duration=\"0.8\" data-eds-entry-timing=\"linear\" data-eds-exit-animation=\"\" data-eds-exit-delay=\"\" data-eds-exit-duration=\"\" data-eds-exit-timing=\"\" data-eds-repeat-count=\"1\" data-eds-keep=\"yes\" data-eds-animate-on=\"scroll\" data-eds-scroll-offset=\"25\"><br \/>\n<span class=\"casoTxt casoTxt3 casoTxtRes\">Un ahorro directo en transporte!<\/span><br \/>\n<\/div><\/p>\n<p><div class=\"eds-animate edsanimate-sis-hidden \" data-eds-entry-animation=\"fadeIn\" data-eds-entry-delay=\"0\" data-eds-entry-duration=\"0.8\" data-eds-entry-timing=\"linear\" data-eds-exit-animation=\"\" data-eds-exit-delay=\"\" data-eds-exit-duration=\"\" data-eds-exit-timing=\"\" data-eds-repeat-count=\"1\" data-eds-keep=\"yes\" data-eds-animate-on=\"scroll\" data-eds-scroll-offset=\"25\"><br \/>\n<span class=\"casoTxt casoTxt2 casoTxtRes\">\u00bfQuiere probar con su producto?<\/span><br \/>\n<\/div><br \/>\n<div class=\"eds-animate edsanimate-sis-hidden \" data-eds-entry-animation=\"fadeIn\" data-eds-entry-delay=\"0\" data-eds-entry-duration=\"0.8\" data-eds-entry-timing=\"linear\" data-eds-exit-animation=\"\" data-eds-exit-delay=\"\" data-eds-exit-duration=\"\" data-eds-exit-timing=\"\" data-eds-repeat-count=\"1\" data-eds-keep=\"yes\" data-eds-animate-on=\"scroll\" data-eds-scroll-offset=\"25\"><br \/>\n<a href=\"\"><span class=\"casoTxt casoTxt3 casoTxtRes\">Solicite aqu\u00ed su primer estudio gratuito<\/span><\/a><br \/>\n<\/div><\/p>\n<h2>\u00bfQuiere probar con sus productos?<\/h2>\n<p><span class=\"castoTxt casoTxt2\">Solicite aqu\u00ed su primer estudio gratuito<\/span><br \/>\n[ninja_form id=6]<\/p>\n<\/div>\n<\/div>\n","protected":false},"excerpt":{"rendered":"<p>Casos de \u00e9xito con Paltec Un fabricante de Herramientas de jard\u00edn&#8230; &#8230; env\u00eda contenedores por mar con 435cajas \u00bf\u00d3ptimo? Modificando&nbsp;[&hellip;]<\/p>\n","protected":false},"author":1,"featured_media":0,"parent":0,"menu_order":0,"comment_status":"closed","ping_status":"open","template":"page-templates\/template_fullwidth.php","meta":{"footnotes":""},"class_list":["post-274","page","type-page","status-publish","hentry","post-item clearfix"],"_links":{"self":[{"href":"https:\/\/paltec.net\/nueva\/wp-json\/wp\/v2\/pages\/274","targetHints":{"allow":["GET"]}}],"collection":[{"href":"https:\/\/paltec.net\/nueva\/wp-json\/wp\/v2\/pages"}],"about":[{"href":"https:\/\/paltec.net\/nueva\/wp-json\/wp\/v2\/types\/page"}],"author":[{"embeddable":true,"href":"https:\/\/paltec.net\/nueva\/wp-json\/wp\/v2\/users\/1"}],"replies":[{"embeddable":true,"href":"https:\/\/paltec.net\/nueva\/wp-json\/wp\/v2\/comments?post=274"}],"version-history":[{"count":8,"href":"https:\/\/paltec.net\/nueva\/wp-json\/wp\/v2\/pages\/274\/revisions"}],"predecessor-version":[{"id":990,"href":"https:\/\/paltec.net\/nueva\/wp-json\/wp\/v2\/pages\/274\/revisions\/990"}],"wp:attachment":[{"href":"https:\/\/paltec.net\/nueva\/wp-json\/wp\/v2\/media?parent=274"}],"curies":[{"name":"wp","href":"https:\/\/api.w.org\/{rel}","templated":true}]}}